{"id":3,"date":"2021-04-06T21:39:17","date_gmt":"2021-04-06T21:39:17","guid":{"rendered":"http:\/\/www.planyvida.mx\/?page_id=3"},"modified":"2024-09-10T23:35:39","modified_gmt":"2024-09-10T23:35:39","slug":"privacy-policy","status":"publish","type":"page","link":"https:\/\/www.planyvida.mx\/index.php\/privacy-policy\/","title":{"rendered":"Aviso de Privacidad"},"content":{"rendered":"\t\t<div data-elementor-type=\"wp-page\" data-elementor-id=\"3\" class=\"elementor elementor-3\">\n\t\t\t\t\t\t\t\t\t<section class=\"elementor-section elementor-top-section elementor-element elementor-element-6be30262 elementor-section-boxed elementor-section-height-default elementor-section-height-default\" data-id=\"6be30262\" data-element_type=\"section\">\n\t\t\t\t\t\t<div class=\"elementor-container elementor-column-gap-default\">\n\t\t\t\t\t<div class=\"elementor-column elementor-col-100 elementor-top-column elementor-element elementor-element-1915b583\" data-id=\"1915b583\" data-element_type=\"column\">\n\t\t\t<div class=\"elementor-widget-wrap elementor-element-populated\">\n\t\t\t\t\t\t\t\t<div class=\"elementor-element elementor-element-280f90f0 elementor-widget elementor-widget-text-editor\" data-id=\"280f90f0\" data-element_type=\"widget\" data-widget_type=\"text-editor.default\">\n\t\t\t\t<div class=\"elementor-widget-container\">\n\t\t\t\t\t\t\t<p><!-- wp:heading --><\/p>\n<p><span dir=\"ltr\" role=\"presentation\">PROTECCI\u00d3N DE DATOS.<\/span><span dir=\"ltr\" role=\"presentation\">&#8211;<\/span> <span dir=\"ltr\" role=\"presentation\">Liliana Hern\u00e1ndez N\u00fa\u00f1ez con domicilio en Av. Topacio 2717\u00a0<\/span><span dir=\"ltr\" role=\"presentation\">int 1<\/span><span dir=\"ltr\" role=\"presentation\">06<\/span><span dir=\"ltr\" role=\"presentation\">, Col. Bosques de la Victoria, 44540, Guadalajara, Jal. le informa que los datos\u00a0<\/span><span dir=\"ltr\" role=\"presentation\">recibidos, transferidos o remitidos a trav\u00e9s de este medio,<\/span> <span dir=\"ltr\" role=\"presentation\">deben ser tratados para los\u00a0<\/span><span dir=\"ltr\" role=\"presentation\">fines establecidos en el Aviso de Privacidad que fue puesto a disposici\u00f3n del titular\u00a0<\/span><span dir=\"ltr\" role=\"presentation\">previo a la captaci\u00f3n de los datos y que los mismos ser\u00e1n protegidos conforme lo\u00a0<\/span><span dir=\"ltr\" role=\"presentation\">establece la Ley Federal de Protecci\u00f3n de Datos Personales en<\/span> <span dir=\"ltr\" role=\"presentation\">Posesi\u00f3n de los\u00a0<\/span><span dir=\"ltr\" role=\"presentation\">Particulares. La recepci\u00f3n, transferencia o remisi\u00f3n de los datos se efect\u00faa en el\u00a0<\/span><span dir=\"ltr\" role=\"presentation\">entendido de que se obtuvo el consentimiento de los titulares de los mismos.<\/span><\/p>\n<p><span dir=\"ltr\" role=\"presentation\">La informaci\u00f3n contenida en este mensaje es confidencial y restringida, y est\u00e1\u00a0<\/span><span dir=\"ltr\" role=\"presentation\">destinada \u00fanicamente para el uso de la persona a quien se dirige. Por lo tanto, queda\u00a0<\/span><span dir=\"ltr\" role=\"presentation\">prohibido su uso a persona ajena al destinatario indicado y\/o para fines diferentes a los\u00a0<\/span><span dir=\"ltr\" role=\"presentation\">q<\/span><span dir=\"ltr\" role=\"presentation\">ue se expresan en este mensaje. Por lo que, cualquier uso distinto al expresamente\u00a0<\/span><span dir=\"ltr\" role=\"presentation\">autorizado, o por persona distinta al destinatario, est\u00e1 estrictamente prohibido; de tal\u00a0<\/span><span dir=\"ltr\" role=\"presentation\">forma que Liliana Hern\u00e1ndez N\u00fa\u00f1ez, no se hace responsable de dichos usos y se\u00a0<\/span><span dir=\"ltr\" role=\"presentation\">reserv<\/span><span dir=\"ltr\" role=\"presentation\">a cualquier tipo de acci\u00f3n legal que pudiera derivar contra quien, o quienes,\u00a0<\/span><span dir=\"ltr\" role=\"presentation\">resulten responsables de su divulgaci\u00f3n, reproducci\u00f3n o uso, sin previa autorizaci\u00f3n\u00a0<\/span><span dir=\"ltr\" role=\"presentation\">por<\/span> <span dir=\"ltr\" role=\"presentation\">escrito<\/span> <span dir=\"ltr\" role=\"presentation\">por<\/span> <span dir=\"ltr\" role=\"presentation\">parte<\/span> <span dir=\"ltr\" role=\"presentation\">de<\/span> <span dir=\"ltr\" role=\"presentation\">Liliana<\/span> <span dir=\"ltr\" role=\"presentation\">Hern\u00e1ndez<\/span> <span dir=\"ltr\" role=\"presentation\">N\u00fa\u00f1ez.<\/span><\/p>\n<p><span dir=\"ltr\" role=\"presentation\">Este mensaje no tiene como prop\u00f3sito, entre<\/span> <span dir=\"ltr\" role=\"presentation\">el destinatario y el remitente, el uso de\u00a0<\/span><span dir=\"ltr\" role=\"presentation\">pr\u00e1cticas anticompetitivas referidas o se\u00f1aladas en la Ley Federal de Competencia\u00a0<\/span><span dir=\"ltr\" role=\"presentation\">Econ\u00f3mica relacionadas con la fijaci\u00f3n de precios o condiciones que impliquen\u00a0<\/span><span dir=\"ltr\" role=\"presentation\">barreras<\/span> <span dir=\"ltr\" role=\"presentation\">de<\/span> <span dir=\"ltr\" role=\"presentation\">entrada;<\/span> <span dir=\"ltr\" role=\"presentation\">o<\/span> <span dir=\"ltr\" role=\"presentation\">bien,<\/span> <span dir=\"ltr\" role=\"presentation\">el<\/span> <span dir=\"ltr\" role=\"presentation\">desplazamiento<\/span> <span dir=\"ltr\" role=\"presentation\">de<\/span> <span dir=\"ltr\" role=\"presentation\">com<\/span><span dir=\"ltr\" role=\"presentation\">petidores<\/span> <span dir=\"ltr\" role=\"presentation\">al<\/span> <span dir=\"ltr\" role=\"presentation\">mercado\u00a0<\/span><span dir=\"ltr\" role=\"presentation\">asegurador, ni establecer un poder sustancial conjunto entre el destinatario y el\u00a0<\/span><span dir=\"ltr\" role=\"presentation\">remitente.<\/span><\/p>\n<p><!-- \/wp:paragraph --><\/p>\t\t\t\t\t\t<\/div>\n\t\t\t\t<\/div>\n\t\t\t\t<div class=\"elementor-element elementor-element-76cf63f elementor-widget elementor-widget-image\" data-id=\"76cf63f\" data-element_type=\"widget\" data-widget_type=\"image.default\">\n\t\t\t\t<div class=\"elementor-widget-container\">\n\t\t\t\t\t\t\t\t\t\t\t\t\t\t\t<img loading=\"lazy\" decoding=\"async\" width=\"462\" height=\"100\" src=\"https:\/\/www.planyvida.mx\/wp-content\/uploads\/2023\/07\/Recurso-2.png\" class=\"attachment-large size-large wp-image-320\" alt=\"\" srcset=\"https:\/\/www.planyvida.mx\/wp-content\/uploads\/2023\/07\/Recurso-2.png 462w, https:\/\/www.planyvida.mx\/wp-content\/uploads\/2023\/07\/Recurso-2-300x65.png 300w, https:\/\/www.planyvida.mx\/wp-content\/uploads\/2023\/07\/Recurso-2-260x56.png 260w, https:\/\/www.planyvida.mx\/wp-content\/uploads\/2023\/07\/Recurso-2-50x11.png 50w, https:\/\/www.planyvida.mx\/wp-content\/uploads\/2023\/07\/Recurso-2-150x32.png 150w\" sizes=\"auto, (max-width: 462px) 100vw, 462px\" \/>\t\t\t\t\t\t\t\t\t\t\t\t\t\t\t<\/div>\n\t\t\t\t<\/div>\n\t\t\t\t\t<\/div>\n\t\t<\/div>\n\t\t\t\t\t\t\t<\/div>\n\t\t<\/section>\n\t\t\t\t<section class=\"elementor-section elementor-top-section elementor-element elementor-element-c16686c elementor-section-full_width elementor-section-stretched elementor-section-height-default elementor-section-height-default\" data-id=\"c16686c\" data-element_type=\"section\" data-settings=\"{&quot;stretch_section&quot;:&quot;section-stretched&quot;,&quot;background_background&quot;:&quot;classic&quot;}\">\n\t\t\t\t\t\t<div class=\"elementor-container elementor-column-gap-default\">\n\t\t\t\t\t<div class=\"elementor-column elementor-col-33 elementor-top-column elementor-element elementor-element-004740d\" data-id=\"004740d\" data-element_type=\"column\">\n\t\t\t<div class=\"elementor-widget-wrap elementor-element-populated\">\n\t\t\t\t\t\t\t\t<div class=\"elementor-element elementor-element-c70ad60 elementor-widget elementor-widget-image\" data-id=\"c70ad60\" data-element_type=\"widget\" data-widget_type=\"image.default\">\n\t\t\t\t<div class=\"elementor-widget-container\">\n\t\t\t\t\t\t\t\t\t\t\t\t\t\t\t<img loading=\"lazy\" decoding=\"async\" width=\"1024\" height=\"412\" src=\"https:\/\/www.planyvida.mx\/wp-content\/uploads\/2021\/11\/2Asset-3_10x-1024x412.png\" class=\"attachment-large size-large wp-image-158\" alt=\"\" srcset=\"https:\/\/www.planyvida.mx\/wp-content\/uploads\/2021\/11\/2Asset-3_10x-1024x412.png 1024w, https:\/\/www.planyvida.mx\/wp-content\/uploads\/2021\/11\/2Asset-3_10x-300x121.png 300w, https:\/\/www.planyvida.mx\/wp-content\/uploads\/2021\/11\/2Asset-3_10x-768x309.png 768w, https:\/\/www.planyvida.mx\/wp-content\/uploads\/2021\/11\/2Asset-3_10x-1536x618.png 1536w, https:\/\/www.planyvida.mx\/wp-content\/uploads\/2021\/11\/2Asset-3_10x-2048x824.png 2048w, https:\/\/www.planyvida.mx\/wp-content\/uploads\/2021\/11\/2Asset-3_10x-260x105.png 260w, https:\/\/www.planyvida.mx\/wp-content\/uploads\/2021\/11\/2Asset-3_10x-50x20.png 50w, https:\/\/www.planyvida.mx\/wp-content\/uploads\/2021\/11\/2Asset-3_10x-150x60.png 150w\" sizes=\"auto, (max-width: 1024px) 100vw, 1024px\" \/>\t\t\t\t\t\t\t\t\t\t\t\t\t\t\t<\/div>\n\t\t\t\t<\/div>\n\t\t\t\t<div class=\"elementor-element elementor-element-b69116e elementor-widget elementor-widget-spacer\" data-id=\"b69116e\" data-element_type=\"widget\" data-widget_type=\"spacer.default\">\n\t\t\t\t<div class=\"elementor-widget-container\">\n\t\t\t\t\t<div class=\"elementor-spacer\">\n\t\t\t<div class=\"elementor-spacer-inner\"><\/div>\n\t\t<\/div>\n\t\t\t\t<\/div>\n\t\t\t\t<\/div>\n\t\t\t\t<div class=\"elementor-element elementor-element-7a984a1 elementor-widget elementor-widget-heading\" data-id=\"7a984a1\" data-element_type=\"widget\" data-widget_type=\"heading.default\">\n\t\t\t\t<div class=\"elementor-widget-container\">\n\t\t\t<h2 class=\"elementor-heading-title elementor-size-default\">Agenda con nosotras:<\/h2>\t\t<\/div>\n\t\t\t\t<\/div>\n\t\t\t\t<section class=\"elementor-section elementor-inner-section elementor-element elementor-element-33cb59f elementor-section-boxed elementor-section-height-default elementor-section-height-default\" data-id=\"33cb59f\" data-element_type=\"section\">\n\t\t\t\t\t\t<div class=\"elementor-container elementor-column-gap-default\">\n\t\t\t\t\t<div class=\"elementor-column elementor-col-50 elementor-inner-column elementor-element elementor-element-695cde4\" data-id=\"695cde4\" data-element_type=\"column\">\n\t\t\t<div class=\"elementor-widget-wrap elementor-element-populated\">\n\t\t\t\t\t\t\t\t<div class=\"elementor-element elementor-element-04ca40b elementor-widget elementor-widget-image\" data-id=\"04ca40b\" data-element_type=\"widget\" data-widget_type=\"image.default\">\n\t\t\t\t<div class=\"elementor-widget-container\">\n\t\t\t\t\t\t\t\t\t\t\t\t\t\t\t<img loading=\"lazy\" decoding=\"async\" width=\"300\" height=\"65\" src=\"https:\/\/www.planyvida.mx\/wp-content\/uploads\/2023\/07\/Recurso-2-300x65.png\" class=\"attachment-medium size-medium wp-image-320\" alt=\"\" srcset=\"https:\/\/www.planyvida.mx\/wp-content\/uploads\/2023\/07\/Recurso-2-300x65.png 300w, https:\/\/www.planyvida.mx\/wp-content\/uploads\/2023\/07\/Recurso-2-260x56.png 260w, https:\/\/www.planyvida.mx\/wp-content\/uploads\/2023\/07\/Recurso-2-50x11.png 50w, https:\/\/www.planyvida.mx\/wp-content\/uploads\/2023\/07\/Recurso-2-150x32.png 150w, https:\/\/www.planyvida.mx\/wp-content\/uploads\/2023\/07\/Recurso-2.png 462w\" sizes=\"auto, (max-width: 300px) 100vw, 300px\" \/>\t\t\t\t\t\t\t\t\t\t\t\t\t\t\t<\/div>\n\t\t\t\t<\/div>\n\t\t\t\t<div class=\"elementor-element elementor-element-0a462ec elementor-view-default elementor-widget elementor-widget-icon\" data-id=\"0a462ec\" data-element_type=\"widget\" data-widget_type=\"icon.default\">\n\t\t\t\t<div class=\"elementor-widget-container\">\n\t\t\t\t\t<div class=\"elementor-icon-wrapper\">\n\t\t\t<a class=\"elementor-icon\" href=\"http:\/\/wa.me\/523311561979\">\n\t\t\t<i aria-hidden=\"true\" class=\"fab fa-whatsapp\"><\/i>\t\t\t<\/a>\n\t\t<\/div>\n\t\t\t\t<\/div>\n\t\t\t\t<\/div>\n\t\t\t\t\t<\/div>\n\t\t<\/div>\n\t\t\t\t<div class=\"elementor-column elementor-col-50 elementor-inner-column elementor-element elementor-element-dbb00da\" data-id=\"dbb00da\" data-element_type=\"column\">\n\t\t\t<div class=\"elementor-widget-wrap elementor-element-populated\">\n\t\t\t\t\t\t\t\t<div class=\"elementor-element elementor-element-ef09c27 elementor-widget elementor-widget-image\" data-id=\"ef09c27\" data-element_type=\"widget\" data-widget_type=\"image.default\">\n\t\t\t\t<div class=\"elementor-widget-container\">\n\t\t\t\t\t\t\t\t\t\t\t\t\t\t\t<img loading=\"lazy\" decoding=\"async\" width=\"300\" height=\"48\" src=\"https:\/\/www.planyvida.mx\/wp-content\/uploads\/2023\/07\/Recurso-3-1-e1689922179674-300x48.png\" class=\"attachment-medium size-medium wp-image-323\" alt=\"\" srcset=\"https:\/\/www.planyvida.mx\/wp-content\/uploads\/2023\/07\/Recurso-3-1-e1689922179674-300x48.png 300w, https:\/\/www.planyvida.mx\/wp-content\/uploads\/2023\/07\/Recurso-3-1-e1689922179674-260x42.png 260w, https:\/\/www.planyvida.mx\/wp-content\/uploads\/2023\/07\/Recurso-3-1-e1689922179674-50x8.png 50w, https:\/\/www.planyvida.mx\/wp-content\/uploads\/2023\/07\/Recurso-3-1-e1689922179674-150x24.png 150w, https:\/\/www.planyvida.mx\/wp-content\/uploads\/2023\/07\/Recurso-3-1-e1689922179674.png 462w\" sizes=\"auto, (max-width: 300px) 100vw, 300px\" \/>\t\t\t\t\t\t\t\t\t\t\t\t\t\t\t<\/div>\n\t\t\t\t<\/div>\n\t\t\t\t<div class=\"elementor-element elementor-element-7acbec9 elementor-view-default elementor-widget elementor-widget-icon\" data-id=\"7acbec9\" data-element_type=\"widget\" data-widget_type=\"icon.default\">\n\t\t\t\t<div class=\"elementor-widget-container\">\n\t\t\t\t\t<div class=\"elementor-icon-wrapper\">\n\t\t\t<a class=\"elementor-icon\" href=\"http:\/\/wa.me\/523339682069\">\n\t\t\t<i aria-hidden=\"true\" class=\"fab fa-whatsapp\"><\/i>\t\t\t<\/a>\n\t\t<\/div>\n\t\t\t\t<\/div>\n\t\t\t\t<\/div>\n\t\t\t\t\t<\/div>\n\t\t<\/div>\n\t\t\t\t\t\t\t<\/div>\n\t\t<\/section>\n\t\t\t\t\t<\/div>\n\t\t<\/div>\n\t\t\t\t<div class=\"elementor-column elementor-col-33 elementor-top-column elementor-element elementor-element-fce16ed\" data-id=\"fce16ed\" data-element_type=\"column\">\n\t\t\t<div class=\"elementor-widget-wrap\">\n\t\t\t\t\t\t\t\t\t<\/div>\n\t\t<\/div>\n\t\t\t\t<div class=\"elementor-column elementor-col-33 elementor-top-column elementor-element elementor-element-b669466\" data-id=\"b669466\" data-element_type=\"column\">\n\t\t\t<div class=\"elementor-widget-wrap elementor-element-populated\">\n\t\t\t\t\t\t\t\t<section class=\"elementor-section elementor-inner-section elementor-element elementor-element-4eca5e0 elementor-section-boxed elementor-section-height-default elementor-section-height-default\" data-id=\"4eca5e0\" data-element_type=\"section\">\n\t\t\t\t\t\t<div class=\"elementor-container elementor-column-gap-default\">\n\t\t\t\t\t<div class=\"elementor-column elementor-col-100 elementor-inner-column elementor-element elementor-element-269db1b\" data-id=\"269db1b\" data-element_type=\"column\">\n\t\t\t<div class=\"elementor-widget-wrap elementor-element-populated\">\n\t\t\t\t\t\t\t\t<div class=\"elementor-element elementor-element-4c6f4e4 elementor-widget elementor-widget-heading\" data-id=\"4c6f4e4\" data-element_type=\"widget\" data-widget_type=\"heading.default\">\n\t\t\t\t<div class=\"elementor-widget-container\">\n\t\t\t<h2 class=\"elementor-heading-title elementor-size-default\">Contacto<\/h2>\t\t<\/div>\n\t\t\t\t<\/div>\n\t\t\t\t<div class=\"elementor-element elementor-element-2b51448 eael-contact-form-7-button-align-left eael-contact-form-7-button-custom elementor-widget elementor-widget-eael-contact-form-7\" data-id=\"2b51448\" data-element_type=\"widget\" data-widget_type=\"eael-contact-form-7.default\">\n\t\t\t\t<div class=\"elementor-widget-container\">\n\t\t\t<div class=\"eael-contact-form-7-wrapper\">\n                <div class=\"eael-contact-form eael-contact-form-7 eael-contact-form-2b51448 placeholder-show eael-contact-form-align-default\">\n<div class=\"wpcf7 no-js\" id=\"wpcf7-f5-o1\" lang=\"es-ES\" dir=\"ltr\">\n<div class=\"screen-reader-response\"><p role=\"status\" aria-live=\"polite\" aria-atomic=\"true\"><\/p> <ul><\/ul><\/div>\n<form action=\"\/index.php\/wp-json\/wp\/v2\/pages\/3#wpcf7-f5-o1\" method=\"post\" class=\"wpcf7-form init\" aria-label=\"Formulario de contacto\" novalidate=\"novalidate\" data-status=\"init\">\n<div style=\"display: none;\">\n<input type=\"hidden\" name=\"_wpcf7\" value=\"5\" \/>\n<input type=\"hidden\" name=\"_wpcf7_version\" value=\"5.7.7\" \/>\n<input type=\"hidden\" name=\"_wpcf7_locale\" value=\"es_ES\" \/>\n<input type=\"hidden\" name=\"_wpcf7_unit_tag\" value=\"wpcf7-f5-o1\" \/>\n<input type=\"hidden\" name=\"_wpcf7_container_post\" value=\"0\" \/>\n<input type=\"hidden\" name=\"_wpcf7_posted_data_hash\" value=\"\" \/>\n<\/div>\n<p><label> Nombre<br \/>\n<span class=\"wpcf7-form-control-wrap\" data-name=\"your-name\"><input size=\"40\" class=\"wpcf7-form-control wpcf7-text wpcf7-validates-as-required\" aria-required=\"true\" aria-invalid=\"false\" value=\"\" type=\"text\" name=\"your-name\" \/><\/span> <\/label>\n<\/p>\n<p><label> Mail<br \/>\n<span class=\"wpcf7-form-control-wrap\" data-name=\"your-email\"><input size=\"40\" class=\"wpcf7-form-control wpcf7-text wpcf7-email wpcf7-validates-as-required wpcf7-validates-as-email\" aria-required=\"true\" aria-invalid=\"false\" value=\"\" type=\"email\" name=\"your-email\" \/><\/span> <\/label>\n<\/p>\n<p><label> Area de Inter\u00e9s<br \/>\n<span class=\"wpcf7-form-control-wrap\" data-name=\"your-subject\"><select class=\"wpcf7-form-control wpcf7-select wpcf7-validates-as-required\" aria-required=\"true\" aria-invalid=\"false\" name=\"your-subject\"><option value=\"SEGURO DE VIDA\">SEGURO DE VIDA<\/option><option value=\"GASTOS M\u00c9DICOS\">GASTOS M\u00c9DICOS<\/option><option value=\"AHORRO E INVERSI\u00d3N\">AHORRO E INVERSI\u00d3N<\/option><option value=\"RETIRO PPR\">RETIRO PPR<\/option><option value=\"AHORRO EDUCACI\u00d3N\">AHORRO EDUCACI\u00d3N<\/option><option value=\"TALLERES\">TALLERES<\/option><option value=\"OTRO\">OTRO<\/option><\/select><\/span> <\/label>\n<\/p>\n<p><label> Cel.<br \/>\n<span class=\"wpcf7-form-control-wrap\" data-name=\"your-phone\"><input size=\"40\" class=\"wpcf7-form-control wpcf7-text wpcf7-tel wpcf7-validates-as-required wpcf7-validates-as-tel\" aria-required=\"true\" aria-invalid=\"false\" value=\"\" type=\"tel\" name=\"your-phone\" \/><\/span> <\/label>\n<\/p>\n<p><input class=\"wpcf7-form-control has-spinner wpcf7-submit\" type=\"submit\" value=\"Enviar\" \/>\n<\/p><div class=\"wpcf7-response-output\" aria-hidden=\"true\"><\/div>\n<\/form>\n<\/div>\n<\/div>\n            <\/div>\t\t<\/div>\n\t\t\t\t<\/div>\n\t\t\t\t\t<\/div>\n\t\t<\/div>\n\t\t\t\t\t\t\t<\/div>\n\t\t<\/section>\n\t\t\t\t<div class=\"elementor-element elementor-element-be57ddb elementor-widget elementor-widget-text-editor\" data-id=\"be57ddb\" data-element_type=\"widget\" data-widget_type=\"text-editor.default\">\n\t\t\t\t<div class=\"elementor-widget-container\">\n\t\t\t\t\t\t\t<p><span style=\"color: #ffffff;\"><a style=\"color: #ffffff;\" href=\"https:\/\/www.planyvida.mx\/index.php\/privacy-policy\/\">Aviso de privacidad<\/a><\/span><\/p>\n<p><span style=\"color: #ffffff;\"><a style=\"color: #ffffff;\" href=\"https:\/\/www.planyvida.mx\/index.php\/folleto-informativo\/\">Folleto informativo<\/a><\/span><\/p>\t\t\t\t\t\t<\/div>\n\t\t\t\t<\/div>\n\t\t\t\t\t<\/div>\n\t\t<\/div>\n\t\t\t\t\t\t\t<\/div>\n\t\t<\/section>\n\t\t\t\t<section class=\"elementor-section elementor-top-section elementor-element elementor-element-3c32aef elementor-section-boxed elementor-section-height-default elementor-section-height-default\" data-id=\"3c32aef\" data-element_type=\"section\">\n\t\t\t\t\t\t<div class=\"elementor-container elementor-column-gap-default\">\n\t\t\t\t\t<div class=\"elementor-column elementor-col-100 elementor-top-column elementor-element elementor-element-514f569\" data-id=\"514f569\" data-element_type=\"column\">\n\t\t\t<div class=\"elementor-widget-wrap elementor-element-populated\">\n\t\t\t\t\t\t\t\t<div class=\"elementor-element elementor-element-ab26d78 elementor-widget-divider--view-line elementor-widget elementor-widget-divider\" data-id=\"ab26d78\" data-element_type=\"widget\" data-widget_type=\"divider.default\">\n\t\t\t\t<div class=\"elementor-widget-container\">\n\t\t\t\t\t<div class=\"elementor-divider\">\n\t\t\t<span class=\"elementor-divider-separator\">\n\t\t\t\t\t\t<\/span>\n\t\t<\/div>\n\t\t\t\t<\/div>\n\t\t\t\t<\/div>\n\t\t\t\t\t<\/div>\n\t\t<\/div>\n\t\t\t\t\t\t\t<\/div>\n\t\t<\/section>\n\t\t\t\t<section class=\"elementor-section elementor-top-section elementor-element elementor-element-0ef3414 elementor-section-boxed elementor-section-height-default elementor-section-height-default\" data-id=\"0ef3414\" data-element_type=\"section\">\n\t\t\t\t\t\t<div class=\"elementor-container elementor-column-gap-default\">\n\t\t\t\t\t<div class=\"elementor-column elementor-col-100 elementor-top-column elementor-element elementor-element-45bb1a9\" data-id=\"45bb1a9\" data-element_type=\"column\">\n\t\t\t<div class=\"elementor-widget-wrap elementor-element-populated\">\n\t\t\t\t\t\t\t\t<div class=\"elementor-element elementor-element-c6bcb51 elementor-widget elementor-widget-heading\" data-id=\"c6bcb51\" data-element_type=\"widget\" data-widget_type=\"heading.default\">\n\t\t\t\t<div class=\"elementor-widget-container\">\n\t\t\t<h3 class=\"elementor-heading-title elementor-size-xxl\">Cont\u00e1ctanos<\/h3>\t\t<\/div>\n\t\t\t\t<\/div>\n\t\t\t\t\t<\/div>\n\t\t<\/div>\n\t\t\t\t\t\t\t<\/div>\n\t\t<\/section>\n\t\t\t\t<section class=\"elementor-section elementor-top-section elementor-element elementor-element-dcbbbf5 elementor-section-boxed elementor-section-height-default elementor-section-height-default\" data-id=\"dcbbbf5\" data-element_type=\"section\">\n\t\t\t\t\t\t<div class=\"elementor-container elementor-column-gap-default\">\n\t\t\t\t\t<div class=\"elementor-column elementor-col-100 elementor-top-column elementor-element elementor-element-c73edd5\" data-id=\"c73edd5\" data-element_type=\"column\">\n\t\t\t<div class=\"elementor-widget-wrap elementor-element-populated\">\n\t\t\t\t\t\t\t\t<div class=\"elementor-element elementor-element-976aad1 elementor-widget elementor-widget-text-editor\" data-id=\"976aad1\" data-element_type=\"widget\" data-widget_type=\"text-editor.default\">\n\t\t\t\t<div class=\"elementor-widget-container\">\n\t\t\t\t\t\t\t<h4><strong>Un experto le asesorar\u00e1 de acuerdo a sus necesidades particulares<\/strong><\/h4>\t\t\t\t\t\t<\/div>\n\t\t\t\t<\/div>\n\t\t\t\t\t<\/div>\n\t\t<\/div>\n\t\t\t\t\t\t\t<\/div>\n\t\t<\/section>\n\t\t\t\t\t\t\t<\/div>\n\t\t","protected":false},"excerpt":{"rendered":"<p>PROTECCI\u00d3N DE DATOS.- Liliana Hern\u00e1ndez N\u00fa\u00f1ez con domicilio en Av. Topacio 2717\u00a0int 106, Col. Bosques de la Victoria, 44540, Guadalajara, Jal. le informa que los datos\u00a0recibidos,<span class=\"excerpt-hellip\"> [\u2026]<\/span><\/p>\n","protected":false},"author":1,"featured_media":0,"parent":0,"menu_order":0,"comment_status":"closed","ping_status":"open","template":"","meta":{"footnotes":""},"class_list":["post-3","page","type-page","status-publish","hentry"],"_links":{"self":[{"href":"https:\/\/www.planyvida.mx\/index.php\/wp-json\/wp\/v2\/pages\/3","targetHints":{"allow":["GET"]}}],"collection":[{"href":"https:\/\/www.planyvida.mx\/index.php\/wp-json\/wp\/v2\/pages"}],"about":[{"href":"https:\/\/www.planyvida.mx\/index.php\/wp-json\/wp\/v2\/types\/page"}],"author":[{"embeddable":true,"href":"https:\/\/www.planyvida.mx\/index.php\/wp-json\/wp\/v2\/users\/1"}],"replies":[{"embeddable":true,"href":"https:\/\/www.planyvida.mx\/index.php\/wp-json\/wp\/v2\/comments?post=3"}],"version-history":[{"count":19,"href":"https:\/\/www.planyvida.mx\/index.php\/wp-json\/wp\/v2\/pages\/3\/revisions"}],"predecessor-version":[{"id":388,"href":"https:\/\/www.planyvida.mx\/index.php\/wp-json\/wp\/v2\/pages\/3\/revisions\/388"}],"wp:attachment":[{"href":"https:\/\/www.planyvida.mx\/index.php\/wp-json\/wp\/v2\/media?parent=3"}],"curies":[{"name":"wp","href":"https:\/\/api.w.org\/{rel}","templated":true}]}}